{"id":550,"date":"2014-05-07T20:08:50","date_gmt":"2014-05-07T17:08:50","guid":{"rendered":"http:\/\/www.spikebasketball.ro\/?page_id=550"},"modified":"2014-05-13T11:30:09","modified_gmt":"2014-05-13T08:30:09","slug":"the-only-virgil-carutasu","status":"publish","type":"page","link":"https:\/\/www.spikebasketball.ro\/?page_id=550","title":{"rendered":"Virgil Carutasu"},"content":{"rendered":"<p style=\"text-align: justify;\"><img data-recalc-dims=\"1\" loading=\"lazy\" decoding=\"async\" class=\"alignleft size-medium wp-image-175\" src=\"https:\/\/i0.wp.com\/www.spikebasketball.ro\/wp-content\/uploads\/2013\/04\/p2.jpg?resize=300%2C233\" alt=\"p2\" width=\"300\" height=\"233\" srcset=\"https:\/\/i0.wp.com\/www.spikebasketball.ro\/wp-content\/uploads\/2013\/04\/p2.jpg?resize=300%2C233&amp;ssl=1 300w, https:\/\/i0.wp.com\/www.spikebasketball.ro\/wp-content\/uploads\/2013\/04\/p2.jpg?w=709&amp;ssl=1 709w\" sizes=\"auto, (max-width: 300px) 100vw, 300px\" \/>De\u0163in\u0103torul unei bogate c\u0103r\u0163i de vizit\u0103, Virgil C\u0103ru\u0163a\u015fu este unul dintre cei mai titra\u0163i juc\u0103tori rom\u00e2ni. Pivotul de 2.04 metri a str\u00e2ns \u00een vitrina proprie 9 titluri de campion \u00een Liga Na\u0163ional\u0103 \u2013 5 dintre acestea cu CSU Asesoft \u2013 4 Cupe ale Rom\u00e2niei al\u0103turi de forma\u0163ia ploie\u015ftean\u0103 \u015fi numeroase distinc\u0163ii individuale, cum ar fi \u201ejuc\u0103torul rom\u00e2n al anului\u201d (2009) sau \u201ecel mai bun juc\u0103tor defensiv\u201d (2010). \u201eGil\u0103\u201d de\u0163ine \u015fi a doua performan\u0163\u0103 individual\u0103 all-time \u00een ULEB Cup: 18 recuper\u0103ri \u00een e\u015fecul suferit de CSU Asesoft, scor 72-83, \u00een fa\u0163a lui Hemofarm Vrsac, \u00een sezonul regulat. De-a lungul carierei, C\u0103ru\u0163a\u015fu a mai evoluat pentru Soced Bucure\u015fti, Steaua Bucure\u015fti, Maccabi Hadera (Israel) \u015fi Honved Budapesta (Ungaria).<br \/>\nPivotul \u00een v\u00e2rst\u0103 de 37 de ani va primi o plachet\u0103 din partea conducerii clubului la care a activat pre\u0163 de 5 sezoane, \u00eentre 2005-2010, iar maioul cu num\u0103rul 14, pe care l-a \u00eembr\u0103cat la Ploie\u015fti, va fi prezentat fanilor. Acesta va fi arborat \u00een Sala Olimpia, a\u015fa cum a \u0163inut s\u0103 precizeze pre\u015fedintele Ionu\u0163 Georgescu.<\/p>\n<p style=\"text-align: justify;\">Mini interviu<\/p>\n<p><strong>La ce v\u00e2rst\u0103 \u015fi \u00een ce \u00eemprejur\u0103ri ai \u00eenceput s\u0103 practici baschetul?<\/strong><\/p>\n<p>Am \u00eenceput s\u0103 joc baschet la v\u00e2rsta de 11 ani, iar cel care m-a \u00eendrumat c\u0103tre sport a fost tat\u0103l meu. Am avut \u00eenc\u0103 de la \u00eenceput sprijinul tat\u0103lui meu, care a venit \u00eentotdeauna cu mine la antrenamente \u015fi meciuri. Am \u00eenceput baschetul la clubul CS Dinamo, cu domnul antrenor Dorin Giurculescu \u015fi \u00eemi aduc aminte c\u0103 antrenamentele erau foarte \u00ab\u00a0\u00eenghesuite\u00a0\u00bb, deoarece eram foarte mul\u0163i copii, cred c\u0103 \u00een jur de 50 \u015fi aveam doar 3 sau 4 mingi, \u00eens\u0103, \u00eencet-\u00eencet, Nea Dori ne-a cernut. Au r\u0103mas astfel doar copiii care voiau s\u0103 fac\u0103 performan\u0163\u0103.<\/p>\n<p><strong>Ce sfat le-ar da un baschetbalist cu experien\u0163a ta tinerilor care vor s\u0103 practice acest sport?<\/strong><\/p>\n<p>A\u015f vrea s\u0103 le spun c\u0103, pentru a ajunge juc\u0103tori buni, este nevoie de mult\u0103 munc\u0103. <strong>Valoarea vine prin munc\u0103<\/strong>.<\/p>\n","protected":false},"excerpt":{"rendered":"<p>De\u0163in\u0103torul unei bogate c\u0103r\u0163i de vizit\u0103, Virgil C\u0103ru\u0163a\u015fu este unul dintre cei mai titra\u0163i juc\u0103tori rom\u00e2ni. Pivotul de 2.04 metri a str\u00e2ns \u00een vitrina proprie 9 titluri de campion \u00een Liga Na\u0163ional\u0103 \u2013 5 dintre\u2026<\/p>\n<p class=\"continue-reading-button\"> <a class=\"continue-reading-link\" href=\"https:\/\/www.spikebasketball.ro\/?page_id=550\"><i class=\"crycon-right-dir\"><\/i><\/a><\/p>\n","protected":false},"author":1,"featured_media":0,"parent":548,"menu_order":0,"comment_status":"open","ping_status":"open","template":"templates\/template-onecolumn.php","meta":{"ngg_post_thumbnail":0,"jetpack_post_was_ever_published":false,"footnotes":""},"class_list":["post-550","page","type-page","status-publish","hentry"],"jetpack_shortlink":"https:\/\/wp.me\/P4D2X8-8S","jetpack_sharing_enabled":true,"_links":{"self":[{"href":"https:\/\/www.spikebasketball.ro\/index.php?rest_route=\/wp\/v2\/pages\/550","targetHints":{"allow":["GET"]}}],"collection":[{"href":"https:\/\/www.spikebasketball.ro\/index.php?rest_route=\/wp\/v2\/pages"}],"about":[{"href":"https:\/\/www.spikebasketball.ro\/index.php?rest_route=\/wp\/v2\/types\/page"}],"author":[{"embeddable":true,"href":"https:\/\/www.spikebasketball.ro\/index.php?rest_route=\/wp\/v2\/users\/1"}],"replies":[{"embeddable":true,"href":"https:\/\/www.spikebasketball.ro\/index.php?rest_route=%2Fwp%2Fv2%2Fcomments&post=550"}],"version-history":[{"count":26,"href":"https:\/\/www.spikebasketball.ro\/index.php?rest_route=\/wp\/v2\/pages\/550\/revisions"}],"predecessor-version":[{"id":805,"href":"https:\/\/www.spikebasketball.ro\/index.php?rest_route=\/wp\/v2\/pages\/550\/revisions\/805"}],"up":[{"embeddable":true,"href":"https:\/\/www.spikebasketball.ro\/index.php?rest_route=\/wp\/v2\/pages\/548"}],"wp:attachment":[{"href":"https:\/\/www.spikebasketball.ro\/index.php?rest_route=%2Fwp%2Fv2%2Fmedia&parent=550"}],"curies":[{"name":"wp","href":"https:\/\/api.w.org\/{rel}","templated":true}]}}